{"id":61,"date":"2022-04-28T00:58:58","date_gmt":"2022-04-28T00:58:58","guid":{"rendered":"http:\/\/exclusivepromoeventos.com.br\/?page_id=61"},"modified":"2022-05-16T00:55:33","modified_gmt":"2022-05-16T00:55:33","slug":"venha-para-a-exclusive","status":"publish","type":"page","link":"http:\/\/exclusivepromoeventos.com.br\/","title":{"rendered":"Venha para a Exclusive"},"content":{"rendered":"\n<div class=\"wp-block-group alignfull has-background is-layout-flow wp-block-group-is-layout-flow\" style=\"background-color:#f2f0e9\">\n<div style=\"height:70px\" aria-hidden=\"true\" class=\"wp-block-spacer\"><\/div>\n\n\n\n<div class=\"wp-block-columns alignwide are-vertically-aligned-center is-layout-flex wp-container-core-columns-is-layout-28f84493 wp-block-columns-is-layout-flex\">\n<div class=\"wp-block-column is-layout-flow wp-block-column-is-layout-flow\" style=\"flex-basis:50%\">\n<p class=\"has-text-color\" style=\"color:#000000;font-size:clamp(18.959px, 1.185rem + ((1vw - 3.2px) * 1.15), 30px);line-height:1.1\"><strong>Sobre n\u00f3s<\/strong><\/p>\n<\/div>\n\n\n\n<div class=\"wp-block-column is-layout-flow wp-block-column-is-layout-flow\" style=\"flex-basis:50%\">\n<hr class=\"wp-block-separator has-text-color has-background is-style-wide\" style=\"background-color:#000000;color:#000000\"\/>\n<\/div>\n<\/div>\n\n\n\n<div class=\"wp-block-columns alignwide is-layout-flex wp-container-core-columns-is-layout-28f84493 wp-block-columns-is-layout-flex\">\n<div class=\"wp-block-column is-layout-flow wp-block-column-is-layout-flow\">\n<figure class=\"wp-block-image size-full is-style-rounded\"><img loading=\"lazy\" decoding=\"async\" width=\"1000\" height=\"667\" src=\"http:\/\/exclusivepromoeventos.com.br\/wp-content\/uploads\/2022\/04\/photo-1483729558449-99ef09a8c325.jpg\" alt=\"\" class=\"wp-image-64\" srcset=\"http:\/\/exclusivepromoeventos.com.br\/wp-content\/uploads\/2022\/04\/photo-1483729558449-99ef09a8c325.jpg 1000w, http:\/\/exclusivepromoeventos.com.br\/wp-content\/uploads\/2022\/04\/photo-1483729558449-99ef09a8c325-300x200.jpg 300w, http:\/\/exclusivepromoeventos.com.br\/wp-content\/uploads\/2022\/04\/photo-1483729558449-99ef09a8c325-768x512.jpg 768w\" sizes=\"auto, (max-width: 1000px) 100vw, 1000px\" \/><\/figure>\n<\/div>\n\n\n\n<div class=\"wp-block-column is-layout-flow wp-block-column-is-layout-flow\">\n<p class=\"has-text-color has-extra-small-font-size\" style=\"color:#000000\">Fundada  em 2006, Exclusive \u00e9 uma empresa focada na satisfa\u00e7\u00e3o dos nossos clientes, oferecendo eventos personalizados de eventos e viagens. <\/p>\n<\/div>\n\n\n\n<div class=\"wp-block-column is-layout-flow wp-block-column-is-layout-flow\">\n<p><\/p>\n\n\n\n<p><\/p>\n\n\n\n<p>Acreditamos que viagens e eventos s\u00e3o momentos que mudam vidas e estamos buscando sempre a inova\u00e7\u00e3o para melhorar sua experi\u00eancia. <\/p>\n<\/div>\n<\/div>\n\n\n\n<div style=\"height:40px\" aria-hidden=\"true\" class=\"wp-block-spacer\"><\/div>\n<\/div>\n\n\n\n<div class=\"wp-block-cover alignfull is-light has-parallax is-position-center-center\" style=\"background-image:url(http:\/\/exclusivepromoeventos.com.br\/wp-content\/themes\/inspiro\/assets\/images\/StockSnap_89BQZ89TLH.jpg);min-height:487px;aspect-ratio:unset;\"><span aria-hidden=\"true\" class=\"has-black-background-color has-background-dim-40 wp-block-cover__gradient-background has-background-dim\"><\/span><div class=\"wp-block-cover__inner-container is-layout-flow wp-block-cover-is-layout-flow\">\n<div class=\"wp-block-columns alignwide has-text-color has-background is-layout-flex wp-container-core-columns-is-layout-28f84493 wp-block-columns-is-layout-flex\" style=\"background-color:#ffffff;color:#000000\">\n<div class=\"wp-block-column is-vertically-aligned-top is-layout-flow wp-block-column-is-layout-flow\">\n<h3 class=\"wp-block-heading\" style=\"font-size:clamp(15.747px, 0.984rem + ((1vw - 3.2px) * 0.86), 24px);line-height:1.3\">Atendimento<\/h3>\n\n\n\n<p>Conte com a Exclusive para qualquer atendimento 24 horas. <\/p>\n<\/div>\n\n\n\n<div class=\"wp-block-column is-vertically-aligned-top is-layout-flow wp-block-column-is-layout-flow\">\n<h3 class=\"wp-block-heading\" style=\"font-size:clamp(15.747px, 0.984rem + ((1vw - 3.2px) * 0.86), 24px);line-height:1.3\">Pagamento<\/h3>\n\n\n\n<p>Pagamento facilitado e melhores condi\u00e7\u00f5es de mercado.<\/p>\n<\/div>\n\n\n\n<div class=\"wp-block-column is-vertically-aligned-top is-layout-flow wp-block-column-is-layout-flow\">\n<h3 class=\"wp-block-heading\" style=\"font-size:clamp(15.747px, 0.984rem + ((1vw - 3.2px) * 0.86), 24px);line-height:1.3\">Tradi\u00e7\u00e3o<\/h3>\n\n\n\n<p>Mais de 15 anos oferecendo os melhores servi\u00e7os de eventos e viagens. <\/p>\n<\/div>\n<\/div>\n<\/div><\/div>\n\n\n\n<hr class=\"wp-block-separator\"\/>\n\n\n\n<div class=\"wp-block-group alignfull has-black-background-color has-background is-layout-flow wp-block-group-is-layout-flow\">\n<h2 class=\"has-text-align-center has-white-color has-text-color wp-block-heading\"><strong>Principais Destinos<\/strong><\/h2>\n\n\n\n<figure class=\"wp-block-gallery aligncenter has-nested-images columns-default is-cropped wp-block-gallery-1 is-layout-flex wp-block-gallery-is-layout-flex\">\n<figure class=\"wp-block-image size-large is-style-default\"><img loading=\"lazy\" decoding=\"async\" width=\"1024\" height=\"682\" data-id=\"78\" src=\"http:\/\/exclusivepromoeventos.com.br\/wp-content\/uploads\/2022\/04\/47643da8-6e46-4c83-8379-95b43b9e2684-1024x682.jpg\" alt=\"\" class=\"wp-image-78\" srcset=\"http:\/\/exclusivepromoeventos.com.br\/wp-content\/uploads\/2022\/04\/47643da8-6e46-4c83-8379-95b43b9e2684-1024x682.jpg 1024w, http:\/\/exclusivepromoeventos.com.br\/wp-content\/uploads\/2022\/04\/47643da8-6e46-4c83-8379-95b43b9e2684-300x200.jpg 300w, http:\/\/exclusivepromoeventos.com.br\/wp-content\/uploads\/2022\/04\/47643da8-6e46-4c83-8379-95b43b9e2684-768x512.jpg 768w, http:\/\/exclusivepromoeventos.com.br\/wp-content\/uploads\/2022\/04\/47643da8-6e46-4c83-8379-95b43b9e2684-1536x1023.jpg 1536w, http:\/\/exclusivepromoeventos.com.br\/wp-content\/uploads\/2022\/04\/47643da8-6e46-4c83-8379-95b43b9e2684.jpg 1600w\" sizes=\"auto, (max-width: 1024px) 100vw, 1024px\" \/><figcaption>Canc\u00fan<\/figcaption><\/figure>\n\n\n\n<figure class=\"wp-block-image size-large is-style-default\"><img loading=\"lazy\" decoding=\"async\" width=\"1000\" height=\"667\" data-id=\"64\" src=\"http:\/\/exclusivepromoeventos.com.br\/wp-content\/uploads\/2022\/04\/photo-1483729558449-99ef09a8c325.jpg\" alt=\"\" class=\"wp-image-64\" srcset=\"http:\/\/exclusivepromoeventos.com.br\/wp-content\/uploads\/2022\/04\/photo-1483729558449-99ef09a8c325.jpg 1000w, http:\/\/exclusivepromoeventos.com.br\/wp-content\/uploads\/2022\/04\/photo-1483729558449-99ef09a8c325-300x200.jpg 300w, http:\/\/exclusivepromoeventos.com.br\/wp-content\/uploads\/2022\/04\/photo-1483729558449-99ef09a8c325-768x512.jpg 768w\" sizes=\"auto, (max-width: 1000px) 100vw, 1000px\" \/><figcaption>Rio de Janeiro<\/figcaption><\/figure>\n\n\n\n<figure class=\"wp-block-image size-large is-style-default\"><img loading=\"lazy\" decoding=\"async\" width=\"600\" height=\"400\" data-id=\"79\" src=\"http:\/\/exclusivepromoeventos.com.br\/wp-content\/uploads\/2022\/04\/Maldivas_Hospedagem-600x400-1.webp\" alt=\"\" class=\"wp-image-79\" srcset=\"http:\/\/exclusivepromoeventos.com.br\/wp-content\/uploads\/2022\/04\/Maldivas_Hospedagem-600x400-1.webp 600w, http:\/\/exclusivepromoeventos.com.br\/wp-content\/uploads\/2022\/04\/Maldivas_Hospedagem-600x400-1-300x200.webp 300w\" sizes=\"auto, (max-width: 600px) 100vw, 600px\" \/><figcaption>Maldivas<\/figcaption><\/figure>\n\n\n\n<figure class=\"wp-block-image size-large is-style-default\"><img loading=\"lazy\" decoding=\"async\" width=\"1024\" height=\"576\" data-id=\"89\" src=\"http:\/\/exclusivepromoeventos.com.br\/wp-content\/uploads\/2022\/04\/CATARATAS4-1024x576.jpg\" alt=\"\" class=\"wp-image-89\" srcset=\"http:\/\/exclusivepromoeventos.com.br\/wp-content\/uploads\/2022\/04\/CATARATAS4-1024x576.jpg 1024w, http:\/\/exclusivepromoeventos.com.br\/wp-content\/uploads\/2022\/04\/CATARATAS4-300x169.jpg 300w, http:\/\/exclusivepromoeventos.com.br\/wp-content\/uploads\/2022\/04\/CATARATAS4-768x432.jpg 768w, http:\/\/exclusivepromoeventos.com.br\/wp-content\/uploads\/2022\/04\/CATARATAS4-1536x864.jpg 1536w, http:\/\/exclusivepromoeventos.com.br\/wp-content\/uploads\/2022\/04\/CATARATAS4.jpg 1920w\" sizes=\"auto, (max-width: 1024px) 100vw, 1024px\" \/><figcaption>Foz do Igua\u00e7u<\/figcaption><\/figure>\n\n\n\n<figure class=\"wp-block-image size-full is-style-default\"><img loading=\"lazy\" decoding=\"async\" width=\"509\" height=\"339\" data-id=\"88\" src=\"http:\/\/exclusivepromoeventos.com.br\/wp-content\/uploads\/2022\/04\/istockphoto-688523034-170667a.jpg\" alt=\"\" class=\"wp-image-88\" srcset=\"http:\/\/exclusivepromoeventos.com.br\/wp-content\/uploads\/2022\/04\/istockphoto-688523034-170667a.jpg 509w, http:\/\/exclusivepromoeventos.com.br\/wp-content\/uploads\/2022\/04\/istockphoto-688523034-170667a-300x200.jpg 300w\" sizes=\"auto, (max-width: 509px) 100vw, 509px\" \/><figcaption>Gramado<\/figcaption><\/figure>\n\n\n\n<figure class=\"wp-block-image size-large is-style-default\"><img loading=\"lazy\" decoding=\"async\" width=\"820\" height=\"548\" data-id=\"82\" src=\"http:\/\/exclusivepromoeventos.com.br\/wp-content\/uploads\/2022\/04\/lugares-conhecer-brasil-fernando-noronha-820x548-1.jpg\" alt=\"\" class=\"wp-image-82\" srcset=\"http:\/\/exclusivepromoeventos.com.br\/wp-content\/uploads\/2022\/04\/lugares-conhecer-brasil-fernando-noronha-820x548-1.jpg 820w, http:\/\/exclusivepromoeventos.com.br\/wp-content\/uploads\/2022\/04\/lugares-conhecer-brasil-fernando-noronha-820x548-1-300x200.jpg 300w, http:\/\/exclusivepromoeventos.com.br\/wp-content\/uploads\/2022\/04\/lugares-conhecer-brasil-fernando-noronha-820x548-1-768x513.jpg 768w\" sizes=\"auto, (max-width: 820px) 100vw, 820px\" \/><figcaption>Fernando de Noronha<\/figcaption><\/figure>\n<\/figure>\n<\/div>\n\n\n\n<hr class=\"wp-block-separator\"\/>\n\n\n\n<div class=\"wp-block-group alignfull has-black-background-color has-background is-layout-flow wp-block-group-is-layout-flow\">\n<h2 class=\"has-text-align-center has-white-color has-text-color wp-block-heading\"><strong>Eventos<\/strong><\/h2>\n\n\n\n<figure class=\"wp-block-gallery aligncenter has-nested-images columns-default is-cropped wp-block-gallery-2 is-layout-flex wp-block-gallery-is-layout-flex\">\n<figure class=\"wp-block-image size-large is-style-default\"><img loading=\"lazy\" decoding=\"async\" width=\"1024\" height=\"682\" data-id=\"97\" src=\"http:\/\/exclusivepromoeventos.com.br\/wp-content\/uploads\/2022\/05\/70c85d5e-42de-4570-89ea-610c0cc031a9-1024x682.jpg\" alt=\"\" class=\"wp-image-97\" srcset=\"http:\/\/exclusivepromoeventos.com.br\/wp-content\/uploads\/2022\/05\/70c85d5e-42de-4570-89ea-610c0cc031a9-1024x682.jpg 1024w, http:\/\/exclusivepromoeventos.com.br\/wp-content\/uploads\/2022\/05\/70c85d5e-42de-4570-89ea-610c0cc031a9-300x200.jpg 300w, http:\/\/exclusivepromoeventos.com.br\/wp-content\/uploads\/2022\/05\/70c85d5e-42de-4570-89ea-610c0cc031a9-768x512.jpg 768w, http:\/\/exclusivepromoeventos.com.br\/wp-content\/uploads\/2022\/05\/70c85d5e-42de-4570-89ea-610c0cc031a9.jpg 1280w\" sizes=\"auto, (max-width: 1024px) 100vw, 1024px\" \/><\/figure>\n\n\n\n<figure class=\"wp-block-image size-large is-style-default\"><img loading=\"lazy\" decoding=\"async\" width=\"1024\" height=\"682\" data-id=\"99\" src=\"http:\/\/exclusivepromoeventos.com.br\/wp-content\/uploads\/2022\/05\/be097171-892e-437f-9976-5d17e3a4c285-1024x682.jpg\" alt=\"\" class=\"wp-image-99\" srcset=\"http:\/\/exclusivepromoeventos.com.br\/wp-content\/uploads\/2022\/05\/be097171-892e-437f-9976-5d17e3a4c285-1024x682.jpg 1024w, http:\/\/exclusivepromoeventos.com.br\/wp-content\/uploads\/2022\/05\/be097171-892e-437f-9976-5d17e3a4c285-300x200.jpg 300w, http:\/\/exclusivepromoeventos.com.br\/wp-content\/uploads\/2022\/05\/be097171-892e-437f-9976-5d17e3a4c285-768x512.jpg 768w, http:\/\/exclusivepromoeventos.com.br\/wp-content\/uploads\/2022\/05\/be097171-892e-437f-9976-5d17e3a4c285.jpg 1280w\" sizes=\"auto, (max-width: 1024px) 100vw, 1024px\" \/><\/figure>\n\n\n\n<figure class=\"wp-block-image size-large is-style-default\"><img loading=\"lazy\" decoding=\"async\" width=\"1024\" height=\"682\" data-id=\"100\" src=\"http:\/\/exclusivepromoeventos.com.br\/wp-content\/uploads\/2022\/05\/b621da8e-94a2-4224-8b2b-4bbf195e0a06-1024x682.jpg\" alt=\"\" class=\"wp-image-100\" srcset=\"http:\/\/exclusivepromoeventos.com.br\/wp-content\/uploads\/2022\/05\/b621da8e-94a2-4224-8b2b-4bbf195e0a06-1024x682.jpg 1024w, http:\/\/exclusivepromoeventos.com.br\/wp-content\/uploads\/2022\/05\/b621da8e-94a2-4224-8b2b-4bbf195e0a06-300x200.jpg 300w, http:\/\/exclusivepromoeventos.com.br\/wp-content\/uploads\/2022\/05\/b621da8e-94a2-4224-8b2b-4bbf195e0a06-768x512.jpg 768w, http:\/\/exclusivepromoeventos.com.br\/wp-content\/uploads\/2022\/05\/b621da8e-94a2-4224-8b2b-4bbf195e0a06.jpg 1280w\" sizes=\"auto, (max-width: 1024px) 100vw, 1024px\" \/><\/figure>\n\n\n\n<figure class=\"wp-block-image size-large is-style-default\"><img loading=\"lazy\" decoding=\"async\" width=\"1024\" height=\"680\" data-id=\"101\" src=\"http:\/\/exclusivepromoeventos.com.br\/wp-content\/uploads\/2022\/05\/bd14838d-ff38-4b56-9fe3-88f3b7089b1d-1024x680.jpg\" alt=\"\" class=\"wp-image-101\" srcset=\"http:\/\/exclusivepromoeventos.com.br\/wp-content\/uploads\/2022\/05\/bd14838d-ff38-4b56-9fe3-88f3b7089b1d-1024x680.jpg 1024w, http:\/\/exclusivepromoeventos.com.br\/wp-content\/uploads\/2022\/05\/bd14838d-ff38-4b56-9fe3-88f3b7089b1d-300x199.jpg 300w, http:\/\/exclusivepromoeventos.com.br\/wp-content\/uploads\/2022\/05\/bd14838d-ff38-4b56-9fe3-88f3b7089b1d-768x510.jpg 768w, http:\/\/exclusivepromoeventos.com.br\/wp-content\/uploads\/2022\/05\/bd14838d-ff38-4b56-9fe3-88f3b7089b1d.jpg 1280w\" sizes=\"auto, (max-width: 1024px) 100vw, 1024px\" \/><\/figure>\n\n\n\n<figure class=\"wp-block-image size-large is-style-default\"><img loading=\"lazy\" decoding=\"async\" width=\"1024\" height=\"682\" data-id=\"102\" src=\"http:\/\/exclusivepromoeventos.com.br\/wp-content\/uploads\/2022\/05\/a890af1b-3467-44d0-92d7-4bc005fdb82a-1024x682.jpg\" alt=\"\" class=\"wp-image-102\" srcset=\"http:\/\/exclusivepromoeventos.com.br\/wp-content\/uploads\/2022\/05\/a890af1b-3467-44d0-92d7-4bc005fdb82a-1024x682.jpg 1024w, http:\/\/exclusivepromoeventos.com.br\/wp-content\/uploads\/2022\/05\/a890af1b-3467-44d0-92d7-4bc005fdb82a-300x200.jpg 300w, http:\/\/exclusivepromoeventos.com.br\/wp-content\/uploads\/2022\/05\/a890af1b-3467-44d0-92d7-4bc005fdb82a-768x512.jpg 768w, http:\/\/exclusivepromoeventos.com.br\/wp-content\/uploads\/2022\/05\/a890af1b-3467-44d0-92d7-4bc005fdb82a.jpg 1280w\" sizes=\"auto, (max-width: 1024px) 100vw, 1024px\" \/><\/figure>\n\n\n\n<figure class=\"wp-block-image size-large is-style-default\"><img loading=\"lazy\" decoding=\"async\" width=\"1024\" height=\"682\" data-id=\"103\" src=\"http:\/\/exclusivepromoeventos.com.br\/wp-content\/uploads\/2022\/05\/3b3ed62a-9ed4-4b80-90fe-867ed26ab5f0-1024x682.jpg\" alt=\"\" class=\"wp-image-103\" srcset=\"http:\/\/exclusivepromoeventos.com.br\/wp-content\/uploads\/2022\/05\/3b3ed62a-9ed4-4b80-90fe-867ed26ab5f0-1024x682.jpg 1024w, http:\/\/exclusivepromoeventos.com.br\/wp-content\/uploads\/2022\/05\/3b3ed62a-9ed4-4b80-90fe-867ed26ab5f0-300x200.jpg 300w, http:\/\/exclusivepromoeventos.com.br\/wp-content\/uploads\/2022\/05\/3b3ed62a-9ed4-4b80-90fe-867ed26ab5f0-768x512.jpg 768w, http:\/\/exclusivepromoeventos.com.br\/wp-content\/uploads\/2022\/05\/3b3ed62a-9ed4-4b80-90fe-867ed26ab5f0.jpg 1280w\" sizes=\"auto, (max-width: 1024px) 100vw, 1024px\" \/><\/figure>\n<\/figure>\n<\/div>\n\n\n\n<hr class=\"wp-block-separator\"\/>\n","protected":false},"excerpt":{"rendered":"<p>Sobre n\u00f3s Fundada em 2006, Exclusive \u00e9 uma empresa focada na satisfa\u00e7\u00e3o dos nossos clientes, oferecendo eventos personalizados de eventos e viagens. Acreditamos que viagens e eventos s\u00e3o momentos que mudam vidas e estamos buscando sempre a inova\u00e7\u00e3o para melhorar sua experi\u00eancia. Principais Destinos Eventos<\/p>\n","protected":false},"author":1,"featured_media":0,"parent":0,"menu_order":0,"comment_status":"closed","ping_status":"closed","template":"","meta":{"footnotes":""},"class_list":["post-61","page","type-page","status-publish","hentry"],"_links":{"self":[{"href":"http:\/\/exclusivepromoeventos.com.br\/index.php\/wp-json\/wp\/v2\/pages\/61","targetHints":{"allow":["GET"]}}],"collection":[{"href":"http:\/\/exclusivepromoeventos.com.br\/index.php\/wp-json\/wp\/v2\/pages"}],"about":[{"href":"http:\/\/exclusivepromoeventos.com.br\/index.php\/wp-json\/wp\/v2\/types\/page"}],"author":[{"embeddable":true,"href":"http:\/\/exclusivepromoeventos.com.br\/index.php\/wp-json\/wp\/v2\/users\/1"}],"replies":[{"embeddable":true,"href":"http:\/\/exclusivepromoeventos.com.br\/index.php\/wp-json\/wp\/v2\/comments?post=61"}],"version-history":[{"count":13,"href":"http:\/\/exclusivepromoeventos.com.br\/index.php\/wp-json\/wp\/v2\/pages\/61\/revisions"}],"predecessor-version":[{"id":107,"href":"http:\/\/exclusivepromoeventos.com.br\/index.php\/wp-json\/wp\/v2\/pages\/61\/revisions\/107"}],"wp:attachment":[{"href":"http:\/\/exclusivepromoeventos.com.br\/index.php\/wp-json\/wp\/v2\/media?parent=61"}],"curies":[{"name":"wp","href":"https:\/\/api.w.org\/{rel}","templated":true}]}}